{"id":165,"date":"2020-04-03T13:09:12","date_gmt":"2020-04-03T13:09:12","guid":{"rendered":"https:\/\/test.metrixint.de\/?page_id=165"},"modified":"2020-04-27T15:59:06","modified_gmt":"2020-04-27T15:59:06","slug":"imprint","status":"publish","type":"page","link":"https:\/\/test.metrixint.de\/index.php\/imprint\/","title":{"rendered":"Imprint"},"content":{"rendered":"\t\t<div data-elementor-type=\"wp-page\" data-elementor-id=\"165\" class=\"elementor elementor-165\" data-elementor-post-type=\"page\">\n\t\t\t\t\t\t\t\t\t<section class=\"elementor-section elementor-top-section elementor-element elementor-element-c7fe1cb elementor-section-boxed elementor-section-height-default elementor-section-height-default\" data-id=\"c7fe1cb\" data-element_type=\"section\">\n\t\t\t\t\t\t<div class=\"elementor-container elementor-column-gap-default\">\n\t\t\t\t\t<div class=\"elementor-column elementor-col-100 elementor-top-column elementor-element elementor-element-2b2a1d2\" data-id=\"2b2a1d2\" data-element_type=\"column\">\n\t\t\t<div class=\"elementor-widget-wrap\">\n\t\t\t\t\t\t\t\t\t<\/div>\n\t\t<\/div>\n\t\t\t\t\t\t\t<\/div>\n\t\t<\/section>\n\t\t\t\t<section class=\"elementor-section elementor-top-section elementor-element elementor-element-3069c368 elementor-section-height-min-height elementor-section-boxed elementor-section-height-default elementor-section-items-middle\" data-id=\"3069c368\" data-element_type=\"section\" data-settings=\"{&quot;background_background&quot;:&quot;classic&quot;}\">\n\t\t\t\t\t\t<div class=\"elementor-container elementor-column-gap-default\">\n\t\t\t\t\t<div class=\"elementor-column elementor-col-100 elementor-top-column elementor-element elementor-element-4f1ceb8a\" data-id=\"4f1ceb8a\" data-element_type=\"column\">\n\t\t\t<div class=\"elementor-widget-wrap elementor-element-populated\">\n\t\t\t\t\t\t\t\t<div class=\"elementor-element elementor-element-1e8200e9 elementor-widget elementor-widget-heading\" data-id=\"1e8200e9\" data-element_type=\"widget\" data-widget_type=\"heading.default\">\n\t\t\t\t<div class=\"elementor-widget-container\">\n\t\t\t<h1 class=\"elementor-heading-title elementor-size-default\">Impressum<\/h1>\t\t<\/div>\n\t\t\t\t<\/div>\n\t\t\t\t\t<\/div>\n\t\t<\/div>\n\t\t\t\t\t\t\t<\/div>\n\t\t<\/section>\n\t\t\t\t<section class=\"elementor-section elementor-top-section elementor-element elementor-element-4f8f538b elementor-section-boxed elementor-section-height-default elementor-section-height-default\" data-id=\"4f8f538b\" data-element_type=\"section\">\n\t\t\t\t\t\t<div class=\"elementor-container elementor-column-gap-default\">\n\t\t\t\t\t<div class=\"elementor-column elementor-col-100 elementor-top-column elementor-element elementor-element-45e9f1c0\" data-id=\"45e9f1c0\" data-element_type=\"column\">\n\t\t\t<div class=\"elementor-widget-wrap elementor-element-populated\">\n\t\t\t\t\t\t\t\t<div class=\"elementor-element elementor-element-7277666c elementor-widget elementor-widget-text-editor\" data-id=\"7277666c\" data-element_type=\"widget\" data-widget_type=\"text-editor.default\">\n\t\t\t\t<div class=\"elementor-widget-container\">\n\t\t\t\t\t\t\t<h2>Angaben gem\u00e4\u00df \u00a7 5 TMG<\/h2>\n<p>Metrix International GmbH<\/p>\n<p>K\u00f6nigsallee 92a<\/p>\n<p>40212 Du\u0308sseldorf<\/p>\n<p>Handelsregister: HRB 87392<\/p>\n<p>Registergericht: Amtsgericht Du?sseldorf<\/p>\n<p><b>Vertreten durch:<\/b><\/p>\n<p>Rahmatollah Jafarian<\/p>\n<p><b>Vorsitzender des Aufsichtsrats:<\/b><\/p>\n<p>Rahmatollah Jafarian<\/p>\n<h2>Kontakt<\/h2>\n<p>Telefon: 01628919558<\/p>\n<p>E-Mail: info@metrixint.de<\/p>\n<h2>Umsatzsteuer-ID<\/h2>\n<p>Umsatzsteuer-Identifikationsnummer gem\u00e4\u00df \u00a7 27 a Umsatzsteuergesetz:<\/p>\n<p>DE<\/p>\n<h2>EU-Streitschlichtung<\/h2>\n<p>Die Europ\u00e4ische Kommission stellt eine Plattform zur Online-Streitbeilegung (OS) bereit:<\/p>\n<p>https:\/\/ec.europa.eu\/consumers\/odr.<\/p>\n<p>Unsere E-Mail-Adresse finden Sie oben im Impressum.<\/p>\n<h2>Verbraucherstreitbeilegung\/Universalschlichtungsstelle<\/h2>\n<p>Wir sind nicht bereit oder verpflichtet, an Streitbeilegungsverfahren vor einer<\/p>\n<p>Verbraucherschlichtungsstelle teilzunehmen.<\/p>\n<h2>Haftung fu\u0308r Inhalte<\/h2>\n<p>Als Diensteanbieter sind wir gem\u00e4\u00df \u00a7 7 Abs.1 TMG fu\u0308r eigene Inhalte auf diesen Seiten nach den<\/p>\n<p>allgemeinen Gesetzen verantwortlich. Nach \u00a7\u00a7 8 bis 10 TMG sind wir als Diensteanbieter jedoch nicht<\/p>\n<p>verpflichtet, u\u0308bermittelte oder gespeicherte fremde Informationen zu u\u0308berwachen oder nach Umst\u00e4nden zu<\/p>\n<p>forschen, die auf eine rechtswidrige T\u00e4tigkeit hinweisen.<\/p>\n<p>Verpflichtungen zur Entfernung oder Sperrung der Nutzung von Informationen nach den allgemeinen<\/p>\n<p>Gesetzen bleiben hiervon unberu\u0308hrt. Eine diesbezu\u0308gliche Haftung ist jedoch erst ab dem Zeitpunkt der<\/p>\n<p>Kenntnis einer konkreten Rechtsverletzung m\u00f6glich. Bei Bekanntwerden von entsprechenden<\/p>\n<p>Rechtsverletzungen werden wir diese Inhalte umgehend entfernen.<\/p>\n<h2>Haftung fu\u0308r Links<\/h2>\n<p>Unser Angebot enth\u00e4lt Links zu externen Websites Dritter, auf deren Inhalte wir keinen Einfluss haben.<\/p>\n<p>Deshalb k\u00f6nnen wir fu\u0308r diese fremden Inhalte auch keine Gew\u00e4hr u\u0308bernehmen. Fu\u0308r die Inhalte der<\/p>\n<p>verlinkten Seiten ist stets der jeweilige Anbieter oder Betreiber der Seiten verantwortlich. Die verlinkten<\/p>\n<p>Seiten wurden zum Zeitpunkt der Verlinkung auf m\u00f6gliche Rechtsverst\u00f6\u00dfe u\u0308berpru\u0308ft. Rechtswidrige Inhalte<\/p>\n<p>waren zum Zeitpunkt der Verlinkung nicht erkennbar.<\/p>\n<p>Eine permanente inhaltliche Kontrolle der verlinkten Seiten ist jedoch ohne konkrete Anhaltspunkte einer<\/p>\n<p>Rechtsverletzung nicht zumutbar. Bei Bekanntwerden von Rechtsverletzungen werden wir derartige Links<\/p>\n<p>umgehend entfernen.<\/p>\n<h2>Urheberrecht<\/h2>\n<p>Die durch die Seitenbetreiber erstellten Inhalte und Werke auf diesen Seiten unterliegen dem deutschen<\/p>\n<p>Urheberrecht. Die Vervielf\u00e4ltigung, Bearbeitung, Verbreitung und jede Art der Verwertung au\u00dferhalb der<\/p>\n<p>Grenzen des Urheberrechtes bedu\u0308rfen der schriftlichen Zustimmung des jeweiligen Autors bzw. Erstellers.<\/p>\n<p>Downloads und Kopien dieser Seite sind nur fu\u0308r den privaten, nicht kommerziellen Gebrauch gestattet.<\/p>\n<p>Soweit die Inhalte auf dieser Seite nicht vom Betreiber erstellt wurden, werden die Urheberrechte Dritter<\/p>\n<p>beachtet. Insbesondere werden Inhalte Dritter als solche gekennzeichnet. Sollten Sie trotzdem auf eine<\/p>\n<p>Urheberrechtsverletzung aufmerksam werden, bitten wir um einen entsprechenden Hinweis. Bei<\/p>\n<p>Bekanntwerden von Rechtsverletzungen werden wir derartige Inhalte umgehend entfernen.<\/p>\n<p>Quelle:<\/p>\n<p>https:\/\/www.e-recht24.de\/impressum-generator.html<\/p>\t\t\t\t\t\t<\/div>\n\t\t\t\t<\/div>\n\t\t\t\t\t<\/div>\n\t\t<\/div>\n\t\t\t\t\t\t\t<\/div>\n\t\t<\/section>\n\t\t\t\t\t\t\t<\/div>\n\t\t","protected":false},"excerpt":{"rendered":"<p>Impressum Angaben gem\u00e4\u00df \u00a7 5 TMG Metrix International GmbH K\u00f6nigsallee 92a 40212 Du\u0308sseldorf Handelsregister: HRB 87392 Registergericht: Amtsgericht Du?sseldorf Vertreten durch: Rahmatollah Jafarian Vorsitzender des Aufsichtsrats: Rahmatollah Jafarian Kontakt Telefon: 01628919558 E-Mail: info@metrixint.de Umsatzsteuer-ID Umsatzsteuer-Identifikationsnummer gem\u00e4\u00df \u00a7 27 a Umsatzsteuergesetz: DE EU-Streitschlichtung Die Europ\u00e4ische Kommission stellt eine Plattform zur Online-Streitbeilegung (OS) bereit: https:\/\/ec.europa.eu\/consumers\/odr. Unsere E-Mail-Adresse [&hellip;]<\/p>\n","protected":false},"author":1,"featured_media":0,"parent":0,"menu_order":0,"comment_status":"closed","ping_status":"closed","template":"elementor_header_footer","meta":{"footnotes":""},"yoast_head":"<!-- This site is optimized with the Yoast SEO plugin v21.1 - https:\/\/yoast.com\/wordpress\/plugins\/seo\/ -->\n<title>Imprint - Metrix International GmbH<\/title>\n<meta name=\"robots\" content=\"index, follow, max-snippet:-1, max-image-preview:large, max-video-preview:-1\" \/>\n<link rel=\"canonical\" href=\"https:\/\/test.metrixint.de\/index.php\/imprint\/\" \/>\n<meta property=\"og:locale\" content=\"en_US\" \/>\n<meta property=\"og:type\" content=\"article\" \/>\n<meta property=\"og:title\" content=\"Imprint - Metrix International GmbH\" \/>\n<meta property=\"og:description\" content=\"Impressum Angaben gem\u00e4\u00df \u00a7 5 TMG Metrix International GmbH K\u00f6nigsallee 92a 40212 Du\u0308sseldorf Handelsregister: HRB 87392 Registergericht: Amtsgericht Du?sseldorf Vertreten durch: Rahmatollah Jafarian Vorsitzender des Aufsichtsrats: Rahmatollah Jafarian Kontakt Telefon: 01628919558 E-Mail: info@metrixint.de Umsatzsteuer-ID Umsatzsteuer-Identifikationsnummer gem\u00e4\u00df \u00a7 27 a Umsatzsteuergesetz: DE EU-Streitschlichtung Die Europ\u00e4ische Kommission stellt eine Plattform zur Online-Streitbeilegung (OS) bereit: https:\/\/ec.europa.eu\/consumers\/odr. Unsere E-Mail-Adresse [&hellip;]\" \/>\n<meta property=\"og:url\" content=\"https:\/\/test.metrixint.de\/index.php\/imprint\/\" \/>\n<meta property=\"og:site_name\" content=\"Metrix International GmbH\" \/>\n<meta property=\"article:modified_time\" content=\"2020-04-27T15:59:06+00:00\" \/>\n<meta name=\"twitter:card\" content=\"summary_large_image\" \/>\n<meta name=\"twitter:label1\" content=\"Est. reading time\" \/>\n\t<meta name=\"twitter:data1\" content=\"2 minutes\" \/>\n<script type=\"application\/ld+json\" class=\"yoast-schema-graph\">{\"@context\":\"https:\/\/schema.org\",\"@graph\":[{\"@type\":\"WebPage\",\"@id\":\"https:\/\/test.metrixint.de\/index.php\/imprint\/\",\"url\":\"https:\/\/test.metrixint.de\/index.php\/imprint\/\",\"name\":\"Imprint - Metrix International GmbH\",\"isPartOf\":{\"@id\":\"https:\/\/test.metrixint.de\/#website\"},\"datePublished\":\"2020-04-03T13:09:12+00:00\",\"dateModified\":\"2020-04-27T15:59:06+00:00\",\"breadcrumb\":{\"@id\":\"https:\/\/test.metrixint.de\/index.php\/imprint\/#breadcrumb\"},\"inLanguage\":\"en-US\",\"potentialAction\":[{\"@type\":\"ReadAction\",\"target\":[\"https:\/\/test.metrixint.de\/index.php\/imprint\/\"]}]},{\"@type\":\"BreadcrumbList\",\"@id\":\"https:\/\/test.metrixint.de\/index.php\/imprint\/#breadcrumb\",\"itemListElement\":[{\"@type\":\"ListItem\",\"position\":1,\"name\":\"Home\",\"item\":\"https:\/\/test.metrixint.de\/\"},{\"@type\":\"ListItem\",\"position\":2,\"name\":\"Imprint\"}]},{\"@type\":\"WebSite\",\"@id\":\"https:\/\/test.metrixint.de\/#website\",\"url\":\"https:\/\/test.metrixint.de\/\",\"name\":\"Metrix International GmbH\",\"description\":\"\",\"publisher\":{\"@id\":\"https:\/\/test.metrixint.de\/#organization\"},\"potentialAction\":[{\"@type\":\"SearchAction\",\"target\":{\"@type\":\"EntryPoint\",\"urlTemplate\":\"https:\/\/test.metrixint.de\/?s={search_term_string}\"},\"query-input\":\"required name=search_term_string\"}],\"inLanguage\":\"en-US\"},{\"@type\":\"Organization\",\"@id\":\"https:\/\/test.metrixint.de\/#organization\",\"name\":\"Metrix International GmbH\",\"url\":\"https:\/\/test.metrixint.de\/\",\"logo\":{\"@type\":\"ImageObject\",\"inLanguage\":\"en-US\",\"@id\":\"https:\/\/test.metrixint.de\/#\/schema\/logo\/image\/\",\"url\":\"https:\/\/test.metrixint.de\/wp-content\/uploads\/2020\/03\/handover-CMYK-copy-2.png\",\"contentUrl\":\"https:\/\/test.metrixint.de\/wp-content\/uploads\/2020\/03\/handover-CMYK-copy-2.png\",\"width\":1206,\"height\":221,\"caption\":\"Metrix International GmbH\"},\"image\":{\"@id\":\"https:\/\/test.metrixint.de\/#\/schema\/logo\/image\/\"}}]}<\/script>\n<!-- \/ Yoast SEO plugin. -->","yoast_head_json":{"title":"Imprint - Metrix International GmbH","robots":{"index":"index","follow":"follow","max-snippet":"max-snippet:-1","max-image-preview":"max-image-preview:large","max-video-preview":"max-video-preview:-1"},"canonical":"https:\/\/test.metrixint.de\/index.php\/imprint\/","og_locale":"en_US","og_type":"article","og_title":"Imprint - Metrix International GmbH","og_description":"Impressum Angaben gem\u00e4\u00df \u00a7 5 TMG Metrix International GmbH K\u00f6nigsallee 92a 40212 Du\u0308sseldorf Handelsregister: HRB 87392 Registergericht: Amtsgericht Du?sseldorf Vertreten durch: Rahmatollah Jafarian Vorsitzender des Aufsichtsrats: Rahmatollah Jafarian Kontakt Telefon: 01628919558 E-Mail: info@metrixint.de Umsatzsteuer-ID Umsatzsteuer-Identifikationsnummer gem\u00e4\u00df \u00a7 27 a Umsatzsteuergesetz: DE EU-Streitschlichtung Die Europ\u00e4ische Kommission stellt eine Plattform zur Online-Streitbeilegung (OS) bereit: https:\/\/ec.europa.eu\/consumers\/odr. Unsere E-Mail-Adresse [&hellip;]","og_url":"https:\/\/test.metrixint.de\/index.php\/imprint\/","og_site_name":"Metrix International GmbH","article_modified_time":"2020-04-27T15:59:06+00:00","twitter_card":"summary_large_image","twitter_misc":{"Est. reading time":"2 minutes"},"schema":{"@context":"https:\/\/schema.org","@graph":[{"@type":"WebPage","@id":"https:\/\/test.metrixint.de\/index.php\/imprint\/","url":"https:\/\/test.metrixint.de\/index.php\/imprint\/","name":"Imprint - Metrix International GmbH","isPartOf":{"@id":"https:\/\/test.metrixint.de\/#website"},"datePublished":"2020-04-03T13:09:12+00:00","dateModified":"2020-04-27T15:59:06+00:00","breadcrumb":{"@id":"https:\/\/test.metrixint.de\/index.php\/imprint\/#breadcrumb"},"inLanguage":"en-US","potentialAction":[{"@type":"ReadAction","target":["https:\/\/test.metrixint.de\/index.php\/imprint\/"]}]},{"@type":"BreadcrumbList","@id":"https:\/\/test.metrixint.de\/index.php\/imprint\/#breadcrumb","itemListElement":[{"@type":"ListItem","position":1,"name":"Home","item":"https:\/\/test.metrixint.de\/"},{"@type":"ListItem","position":2,"name":"Imprint"}]},{"@type":"WebSite","@id":"https:\/\/test.metrixint.de\/#website","url":"https:\/\/test.metrixint.de\/","name":"Metrix International GmbH","description":"","publisher":{"@id":"https:\/\/test.metrixint.de\/#organization"},"potentialAction":[{"@type":"SearchAction","target":{"@type":"EntryPoint","urlTemplate":"https:\/\/test.metrixint.de\/?s={search_term_string}"},"query-input":"required name=search_term_string"}],"inLanguage":"en-US"},{"@type":"Organization","@id":"https:\/\/test.metrixint.de\/#organization","name":"Metrix International GmbH","url":"https:\/\/test.metrixint.de\/","logo":{"@type":"ImageObject","inLanguage":"en-US","@id":"https:\/\/test.metrixint.de\/#\/schema\/logo\/image\/","url":"https:\/\/test.metrixint.de\/wp-content\/uploads\/2020\/03\/handover-CMYK-copy-2.png","contentUrl":"https:\/\/test.metrixint.de\/wp-content\/uploads\/2020\/03\/handover-CMYK-copy-2.png","width":1206,"height":221,"caption":"Metrix International GmbH"},"image":{"@id":"https:\/\/test.metrixint.de\/#\/schema\/logo\/image\/"}}]}},"_links":{"self":[{"href":"https:\/\/test.metrixint.de\/index.php\/wp-json\/wp\/v2\/pages\/165"}],"collection":[{"href":"https:\/\/test.metrixint.de\/index.php\/wp-json\/wp\/v2\/pages"}],"about":[{"href":"https:\/\/test.metrixint.de\/index.php\/wp-json\/wp\/v2\/types\/page"}],"author":[{"embeddable":true,"href":"https:\/\/test.metrixint.de\/index.php\/wp-json\/wp\/v2\/users\/1"}],"replies":[{"embeddable":true,"href":"https:\/\/test.metrixint.de\/index.php\/wp-json\/wp\/v2\/comments?post=165"}],"version-history":[{"count":4,"href":"https:\/\/test.metrixint.de\/index.php\/wp-json\/wp\/v2\/pages\/165\/revisions"}],"predecessor-version":[{"id":361,"href":"https:\/\/test.metrixint.de\/index.php\/wp-json\/wp\/v2\/pages\/165\/revisions\/361"}],"wp:attachment":[{"href":"https:\/\/test.metrixint.de\/index.php\/wp-json\/wp\/v2\/media?parent=165"}],"curies":[{"name":"wp","href":"https:\/\/api.w.org\/{rel}","templated":true}]}}